{"id":1696,"date":"2016-01-13T12:58:27","date_gmt":"2016-01-13T11:58:27","guid":{"rendered":"https:\/\/staging.viseu2001.com\/wp\/?page_id=1696"},"modified":"2024-07-08T12:30:17","modified_gmt":"2024-07-08T11:30:17","slug":"atleta","status":"publish","type":"page","link":"https:\/\/staging.viseu2001.com\/wp\/atleta\/","title":{"rendered":"Atleta"},"content":{"rendered":"<p style=\"text-align: center;\"><span style=\"color: #ff6600;\"><strong>Vem jogar no Viseu 2001! Vem fazer parte da nossa FAM\u00cdLIA!<\/strong><\/span><\/p>\n<h6 style=\"text-align: center;\"><span style=\"color: #ffffff;\">.<\/span><\/h6>\n<p style=\"text-align: center;\"><span style=\"text-decoration: underline;\"><strong><span style=\"color: #ff6600; text-decoration: underline;\">Contactos:<\/span><\/strong><\/span><\/p>\n<p style=\"text-align: center;\">Futsal Forma\u00e7\u00e3o &#8211; viseu2001formacao@gmail.com<\/p>\n<p style=\"text-align: center;\">Futebol Forma\u00e7\u00e3o &#8211; coordenacaofutebol@viseu2001.com<\/p>\n<p style=\"text-align: center;\">Ciclismo &#8211; ciclismo@viseu2001.com<\/p>\n<p style=\"text-align: center;\">\n<p style=\"text-align: center;\">\n","protected":false},"excerpt":{"rendered":"<p>Vem jogar no Viseu 2001! Vem fazer parte da nossa FAM\u00cdLIA! . Contactos: Futsal Forma\u00e7\u00e3o &#8211; viseu2001formacao@gmail.com Futebol Forma\u00e7\u00e3o &#8211; coordenacaofutebol@viseu2001.com Ciclismo &#8211; ciclismo@viseu2001.com<\/p>\n","protected":false},"author":1,"featured_media":0,"parent":0,"menu_order":0,"comment_status":"closed","ping_status":"closed","template":"","meta":{"footnotes":""},"class_list":["post-1696","page","type-page","status-publish","hentry"],"_links":{"self":[{"href":"https:\/\/staging.viseu2001.com\/wp\/wp-json\/wp\/v2\/pages\/1696","targetHints":{"allow":["GET"]}}],"collection":[{"href":"https:\/\/staging.viseu2001.com\/wp\/wp-json\/wp\/v2\/pages"}],"about":[{"href":"https:\/\/staging.viseu2001.com\/wp\/wp-json\/wp\/v2\/types\/page"}],"author":[{"embeddable":true,"href":"https:\/\/staging.viseu2001.com\/wp\/wp-json\/wp\/v2\/users\/1"}],"replies":[{"embeddable":true,"href":"https:\/\/staging.viseu2001.com\/wp\/wp-json\/wp\/v2\/comments?post=1696"}],"version-history":[{"count":15,"href":"https:\/\/staging.viseu2001.com\/wp\/wp-json\/wp\/v2\/pages\/1696\/revisions"}],"predecessor-version":[{"id":10206,"href":"https:\/\/staging.viseu2001.com\/wp\/wp-json\/wp\/v2\/pages\/1696\/revisions\/10206"}],"wp:attachment":[{"href":"https:\/\/staging.viseu2001.com\/wp\/wp-json\/wp\/v2\/media?parent=1696"}],"curies":[{"name":"wp","href":"https:\/\/api.w.org\/{rel}","templated":true}]}}